{"id":23,"date":"2021-01-23T13:44:05","date_gmt":"2021-01-23T12:44:05","guid":{"rendered":"http:\/\/www.madeforcomm.fr\/?page_id=23"},"modified":"2025-07-04T10:55:56","modified_gmt":"2025-07-04T08:55:56","slug":"brand-content-management","status":"publish","type":"page","link":"https:\/\/www.madeforcomm.fr\/index.php\/brand-content-management\/","title":{"rendered":"Brand Content Management"},"content":{"rendered":"<p><img decoding=\"async\" class=\"wp-image-14\" style=\"background-color: rgba(255, 255, 255, 0); color: var(--body_typography-color); font-family: var(--body_typography-font-family); font-size: var(--body_typography-font-size); font-style: var(--body_typography-font-style,normal); font-weight: var(--body_typography-font-weight); letter-spacing: var(--body_typography-letter-spacing);\" src=\"https:\/\/www.madeforcomm.fr\/wp-content\/uploads\/2021\/01\/Tof-2-Brand-Content-Management-1024x437.jpg\" alt=\"\" width=\"512\" height=\"219\" srcset=\"https:\/\/www.madeforcomm.fr\/wp-content\/uploads\/2021\/01\/Tof-2-Brand-Content-Management-300x128.jpg 300w, https:\/\/www.madeforcomm.fr\/wp-content\/uploads\/2021\/01\/Tof-2-Brand-Content-Management-768x328.jpg 768w, https:\/\/www.madeforcomm.fr\/wp-content\/uploads\/2021\/01\/Tof-2-Brand-Content-Management-1024x437.jpg 1024w, https:\/\/www.madeforcomm.fr\/wp-content\/uploads\/2021\/01\/Tof-2-Brand-Content-Management-1200x512.jpg 1200w, https:\/\/www.madeforcomm.fr\/wp-content\/uploads\/2021\/01\/Tof-2-Brand-Content-Management-1536x655.jpg 1536w, https:\/\/www.madeforcomm.fr\/wp-content\/uploads\/2021\/01\/Tof-2-Brand-Content-Management.jpg 1920w\" sizes=\"(max-width: 512px) 100vw, 512px\" \/><\/p>\n<div class=\"wp-block-group__inner-container\">\n<p style=\"color: #2f7c76; text-align: left;\"><b style=\"font-size: 20px;\" data-fusion-font=\"true\">DU BRAND CONTENT MANAGEMENT<\/b><\/p>\n<div style=\"text-align: left;\"><span style=\"background-color: rgba(255, 255, 255, 0); color: var(--body_typography-color); font-family: var(--body_typography-font-family); font-size: var(--body_typography-font-size); font-style: var(--body_typography-font-style,normal); font-weight: var(--body_typography-font-weight); letter-spacing: var(--body_typography-letter-spacing);\"><span style=\"vertical-align: inherit;\"><span style=\"vertical-align: inherit; color: #000000;\">Pour \u00e9laborer une strat\u00e9gie de communication cl\u00e9 en mains, efficace et globale.<\/span><\/span><\/span><\/div>\n<div style=\"text-align: left;\"><span style=\"background-color: rgba(255, 255, 255, 0); color: var(--body_typography-color); font-family: var(--body_typography-font-family); font-size: var(--body_typography-font-size); font-style: var(--body_typography-font-style,normal); font-weight: var(--body_typography-font-weight); letter-spacing: var(--body_typography-letter-spacing);\"><span style=\"vertical-align: inherit;\"><span style=\"vertical-align: inherit; color: #000000;\">Pour cr\u00e9er une ligne \u00e9ditoriale et des contenus qui feront la diff\u00e9rence.<\/span><\/span><\/span><\/div>\n<div style=\"text-align: left;\"><span style=\"background-color: rgba(255, 255, 255, 0); color: var(--body_typography-color); font-family: var(--body_typography-font-family); font-size: var(--body_typography-font-size); font-style: var(--body_typography-font-style,normal); font-weight: var(--body_typography-font-weight); letter-spacing: var(--body_typography-letter-spacing);\"><span style=\"vertical-align: inherit;\"><span style=\"vertical-align: inherit; color: #000000;\">Pour transformer les visiteurs d&rsquo;aujourd&rsquo;hui en clients de demain.<\/span><\/span><\/span><\/div>\n<div>\n<div style=\"text-align: left;\"><span style=\"background-color: rgba(255, 255, 255, 0); color: var(--body_typography-color); font-family: var(--body_typography-font-family); font-size: var(--body_typography-font-size); font-style: var(--body_typography-font-style,normal); font-weight: var(--body_typography-font-weight); letter-spacing: var(--body_typography-letter-spacing);\"><span style=\"vertical-align: inherit;\"><span style=\"vertical-align: inherit; color: #000000;\">Pour transformer votre ROA -Retour sur Attention- en ROI -Retour sur Investissement.<\/span><\/span><\/span><\/div>\n<div><span style=\"background-color: rgba(255, 255, 255, 0); color: var(--body_typography-color); font-family: var(--body_typography-font-family); font-size: var(--body_typography-font-size); font-style: var(--body_typography-font-style,normal); font-weight: var(--body_typography-font-weight); letter-spacing: var(--body_typography-letter-spacing);\"><span style=\"vertical-align: inherit;\"><span style=\"vertical-align: inherit; color: #000000;\">Pour mettre en lumi\u00e8re votre savoir-faire, votre expertise, votre histoire, vos missions, vos valeurs&#8230;<\/span><\/span><\/span><\/div>\n<div><span style=\"background-color: rgba(255, 255, 255, 0); color: var(--body_typography-color); font-family: var(--body_typography-font-family); font-size: var(--body_typography-font-size); font-style: var(--body_typography-font-style,normal); font-weight: var(--body_typography-font-weight); letter-spacing: var(--body_typography-letter-spacing);\"><span style=\"vertical-align: inherit;\"><span style=\"vertical-align: inherit; color: #000000;\">Pour optimiser votre pr\u00e9sence en ligne. <\/span><\/span><\/span><\/div>\n<div><span style=\"color: #000000; background-color: rgba(255, 255, 255, 0); font-family: var(--body_typography-font-family); font-size: var(--body_typography-font-size); font-style: var(--body_typography-font-style,normal); font-weight: var(--body_typography-font-weight); letter-spacing: var(--body_typography-letter-spacing);\">Pour mettre un bon coup de polish sur votre image de marque&#8230; <\/span><\/div>\n<div><span style=\"color: #000000; background-color: rgba(255, 255, 255, 0); font-family: var(--body_typography-font-family); font-size: var(--body_typography-font-size); font-style: var(--body_typography-font-style,normal); font-weight: var(--body_typography-font-weight); letter-spacing: var(--body_typography-letter-spacing);\">B\u00e2tissons ensemble votre identit\u00e9 de marque. D\u00e9veloppons-la, faisons-la rayonner.<\/span><\/div>\n<\/div>\n<p style=\"text-align: left;\"><b style=\"background-color: rgba(255, 255, 255, 0); color: var(--body_typography-color); font-family: var(--body_typography-font-family); font-size: var(--body_typography-font-size); font-style: var(--body_typography-font-style,normal); letter-spacing: var(--body_typography-letter-spacing);\"><span style=\"vertical-align: inherit;\"><span style=\"vertical-align: inherit;\"><span style=\"color: #000000;\">Vous <\/span><\/span><\/span><\/b><b style=\"color: var(--body_typography-color); font-family: var(--body_typography-font-family); font-size: var(--body_typography-font-size); font-style: var(--body_typography-font-style,normal); letter-spacing: var(--body_typography-letter-spacing); background-color: rgba(255, 255, 255, 0);\"><span style=\"vertical-align: inherit;\"><span style=\"vertical-align: inherit;\"><span style=\"color: #000000;\">souhaitez d\u00e9velopper la notori\u00e9t\u00e9 de votre marque ?<\/span><\/span><\/span><\/b><\/p>\n<p style=\"text-align: left; --fontsize: 30; line-height: 1.5;\"><b style=\"background-color: rgba(255, 255, 255, 0); color: var(--body_typography-color); font-family: var(--body_typography-font-family); font-size: var(--body_typography-font-size); font-style: var(--body_typography-font-style,normal); letter-spacing: var(--body_typography-letter-spacing);\"><span style=\"vertical-align: inherit;\"><span style=\"vertical-align: inherit;\"><span style=\"color: #000000;\">Nous avons les outils et les techniques pour l&rsquo;optimiser, renforcer votre positionnement, d\u00e9velopper et contr\u00f4ler votre e-r\u00e9putation&#8230; audit, objectifs, strat\u00e9gie : on s&rsquo;occupe de tout !<\/span><\/span><\/span><\/b><\/p>\n<\/div>\n\n\n<p class=\"has-text-align-center\">&nbsp;<\/p>\n\n\n\n<blockquote class=\"wp-block-quote is-layout-flow wp-block-quote-is-layout-flow\">\n<p><span style=\"background-color: rgba(255, 255, 255, 0); color: var(--body_typography-color); font-family: var(--body_typography-font-family); font-size: var(--body_typography-font-size); letter-spacing: var(--body_typography-letter-spacing);\"><b style=\"font-size: 20px;\" data-fusion-font=\"true\"><i><span style=\"color: #2f7c76;\">FABRIQUER VOTRE IMAGE DE MARQUE, C&rsquo;EST NOTRE MARQUE DE FABRIQUE<\/span><\/i> <\/b><\/span><\/p>\n<\/blockquote>\n","protected":false},"excerpt":{"rendered":"<p>DU BRAND CONTENT MANAGEMENT Pour \u00e9laborer une strat\u00e9gie de communication cl\u00e9 en mains, efficace et globale. Pour cr\u00e9er une ligne \u00e9ditoriale et des contenus qui feront la diff\u00e9rence. Pour transformer les visiteurs d&rsquo;aujourd&rsquo;hui en clients  [&#8230;]<\/p>\n","protected":false},"author":1,"featured_media":0,"parent":0,"menu_order":0,"comment_status":"closed","ping_status":"closed","template":"","meta":{"footnotes":""},"class_list":["post-23","page","type-page","status-publish","hentry"],"_links":{"self":[{"href":"https:\/\/www.madeforcomm.fr\/index.php\/wp-json\/wp\/v2\/pages\/23","targetHints":{"allow":["GET"]}}],"collection":[{"href":"https:\/\/www.madeforcomm.fr\/index.php\/wp-json\/wp\/v2\/pages"}],"about":[{"href":"https:\/\/www.madeforcomm.fr\/index.php\/wp-json\/wp\/v2\/types\/page"}],"author":[{"embeddable":true,"href":"https:\/\/www.madeforcomm.fr\/index.php\/wp-json\/wp\/v2\/users\/1"}],"replies":[{"embeddable":true,"href":"https:\/\/www.madeforcomm.fr\/index.php\/wp-json\/wp\/v2\/comments?post=23"}],"version-history":[{"count":40,"href":"https:\/\/www.madeforcomm.fr\/index.php\/wp-json\/wp\/v2\/pages\/23\/revisions"}],"predecessor-version":[{"id":1722,"href":"https:\/\/www.madeforcomm.fr\/index.php\/wp-json\/wp\/v2\/pages\/23\/revisions\/1722"}],"wp:attachment":[{"href":"https:\/\/www.madeforcomm.fr\/index.php\/wp-json\/wp\/v2\/media?parent=23"}],"curies":[{"name":"wp","href":"https:\/\/api.w.org\/{rel}","templated":true}]}}