{"id":1648,"date":"2022-07-08T15:01:28","date_gmt":"2022-07-08T13:01:28","guid":{"rendered":"https:\/\/www.madeforcomm.fr\/?page_id=1648"},"modified":"2025-07-04T12:04:32","modified_gmt":"2025-07-04T10:04:32","slug":"stand-pack-prestige-bois","status":"publish","type":"page","link":"https:\/\/www.madeforcomm.fr\/index.php\/stand-pack-prestige-bois\/","title":{"rendered":"Stand Pack Prestige Bois"},"content":{"rendered":"\n<h1 class=\"wp-block-heading\"><span data-fusion-font=\"true\" data-fusion-google-font=\"Alegreya Sans SC\" data-fusion-google-variant=\"300\" style=\"color: #d3c34c; font-family: 'Alegreya Sans SC'; font-weight: 300;\">Le stand prestige et \u00e9co-responsable<\/span><\/h1>\n\n\n\n<figure class=\"wp-block-gallery has-nested-images columns-default is-cropped wp-block-gallery-1 is-layout-flex wp-block-gallery-is-layout-flex\"><\/figure>\n\n\n\n<figure class=\"wp-block-image size-full\"><img decoding=\"async\" width=\"595\" height=\"841\" src=\"https:\/\/www.madeforcomm.fr\/wp-content\/uploads\/2025\/07\/Capture-decran-2025-07-04-a-11.52.09.png\" alt=\"\" class=\"wp-image-1740\" srcset=\"https:\/\/www.madeforcomm.fr\/wp-content\/uploads\/2025\/07\/Capture-decran-2025-07-04-a-11.52.09-200x283.png 200w, https:\/\/www.madeforcomm.fr\/wp-content\/uploads\/2025\/07\/Capture-decran-2025-07-04-a-11.52.09-212x300.png 212w, https:\/\/www.madeforcomm.fr\/wp-content\/uploads\/2025\/07\/Capture-decran-2025-07-04-a-11.52.09-400x565.png 400w, https:\/\/www.madeforcomm.fr\/wp-content\/uploads\/2025\/07\/Capture-decran-2025-07-04-a-11.52.09.png 595w\" sizes=\"(max-width: 595px) 100vw, 595px\" \/><\/figure>\n\n\n\n<figure class=\"wp-block-image size-full\"><img decoding=\"async\" width=\"599\" height=\"801\" src=\"https:\/\/www.madeforcomm.fr\/wp-content\/uploads\/2025\/07\/Capture-decran-2025-07-04-a-11.51.55.png\" alt=\"\" class=\"wp-image-1739\" srcset=\"https:\/\/www.madeforcomm.fr\/wp-content\/uploads\/2025\/07\/Capture-decran-2025-07-04-a-11.51.55-200x267.png 200w, https:\/\/www.madeforcomm.fr\/wp-content\/uploads\/2025\/07\/Capture-decran-2025-07-04-a-11.51.55-224x300.png 224w, https:\/\/www.madeforcomm.fr\/wp-content\/uploads\/2025\/07\/Capture-decran-2025-07-04-a-11.51.55-400x535.png 400w, https:\/\/www.madeforcomm.fr\/wp-content\/uploads\/2025\/07\/Capture-decran-2025-07-04-a-11.51.55.png 599w\" sizes=\"(max-width: 599px) 100vw, 599px\" \/><\/figure>\n\n\n\n<figure class=\"wp-block-image size-full\"><img decoding=\"async\" width=\"592\" height=\"840\" src=\"https:\/\/www.madeforcomm.fr\/wp-content\/uploads\/2025\/07\/Capture-decran-2025-07-04-a-11.52.20.png\" alt=\"\" class=\"wp-image-1741\" srcset=\"https:\/\/www.madeforcomm.fr\/wp-content\/uploads\/2025\/07\/Capture-decran-2025-07-04-a-11.52.20-200x284.png 200w, https:\/\/www.madeforcomm.fr\/wp-content\/uploads\/2025\/07\/Capture-decran-2025-07-04-a-11.52.20-211x300.png 211w, https:\/\/www.madeforcomm.fr\/wp-content\/uploads\/2025\/07\/Capture-decran-2025-07-04-a-11.52.20-400x568.png 400w, https:\/\/www.madeforcomm.fr\/wp-content\/uploads\/2025\/07\/Capture-decran-2025-07-04-a-11.52.20.png 592w\" sizes=\"(max-width: 592px) 100vw, 592px\" \/><\/figure>\n\n\n\n<figure class=\"wp-block-image size-full\"><img decoding=\"async\" width=\"595\" height=\"844\" src=\"https:\/\/www.madeforcomm.fr\/wp-content\/uploads\/2025\/07\/Capture-decran-2025-07-04-a-11.52.30.png\" alt=\"\" class=\"wp-image-1742\" srcset=\"https:\/\/www.madeforcomm.fr\/wp-content\/uploads\/2025\/07\/Capture-decran-2025-07-04-a-11.52.30-200x284.png 200w, https:\/\/www.madeforcomm.fr\/wp-content\/uploads\/2025\/07\/Capture-decran-2025-07-04-a-11.52.30-211x300.png 211w, https:\/\/www.madeforcomm.fr\/wp-content\/uploads\/2025\/07\/Capture-decran-2025-07-04-a-11.52.30-400x567.png 400w, https:\/\/www.madeforcomm.fr\/wp-content\/uploads\/2025\/07\/Capture-decran-2025-07-04-a-11.52.30.png 595w\" sizes=\"(max-width: 595px) 100vw, 595px\" \/><\/figure>\n\n\n\n<figure class=\"wp-block-image size-full\"><img decoding=\"async\" width=\"596\" height=\"852\" src=\"https:\/\/www.madeforcomm.fr\/wp-content\/uploads\/2025\/07\/Capture-decran-2025-07-04-a-11.52.49.png\" alt=\"\" class=\"wp-image-1743\" srcset=\"https:\/\/www.madeforcomm.fr\/wp-content\/uploads\/2025\/07\/Capture-decran-2025-07-04-a-11.52.49-200x286.png 200w, https:\/\/www.madeforcomm.fr\/wp-content\/uploads\/2025\/07\/Capture-decran-2025-07-04-a-11.52.49-210x300.png 210w, https:\/\/www.madeforcomm.fr\/wp-content\/uploads\/2025\/07\/Capture-decran-2025-07-04-a-11.52.49-400x572.png 400w, https:\/\/www.madeforcomm.fr\/wp-content\/uploads\/2025\/07\/Capture-decran-2025-07-04-a-11.52.49.png 596w\" sizes=\"(max-width: 596px) 100vw, 596px\" \/><\/figure>\n\n\n\n<h4 class=\"wp-block-heading\"><span data-fusion-font=\"true\" data-fusion-google-font=\"Alegreya Sans SC\" data-fusion-google-variant=\"300\" style=\"font-family: 'Alegreya Sans SC'; font-weight: 300; color: #000000;\">Pour tous vos \u00e9v\u00e8nements publics, networking, s\u00e9minaires et salons professionnels, faites le choix d&rsquo;un stand 100% bois naturel con\u00e7u sur mesure. Pour mieux vous d\u00e9marquer mais aussi afficher votre engagement pour la plan\u00e8te : chaque stand est en effet r\u00e9cup\u00e9r\u00e9, remis \u00e0 neuf et r\u00e9utilis\u00e9 dans les r\u00e8gles de l&rsquo;art.<\/span><\/h4>\n\n\n\n<p><\/p>\n\n\n\n<p>Pour \u00eatre bon chic, bon genre et bon citoyen ! <\/p>\n","protected":false},"excerpt":{"rendered":"<p>Le stand prestige et \u00e9co-responsable Pour tous vos \u00e9v\u00e8nements publics, networking, s\u00e9minaires et salons professionnels, faites le choix d&rsquo;un stand 100% bois naturel con\u00e7u sur mesure. Pour mieux vous d\u00e9marquer mais aussi afficher votre engagement  [&#8230;]<\/p>\n","protected":false},"author":2,"featured_media":0,"parent":0,"menu_order":0,"comment_status":"closed","ping_status":"closed","template":"100-width.php","meta":{"footnotes":""},"class_list":["post-1648","page","type-page","status-publish","hentry"],"_links":{"self":[{"href":"https:\/\/www.madeforcomm.fr\/index.php\/wp-json\/wp\/v2\/pages\/1648","targetHints":{"allow":["GET"]}}],"collection":[{"href":"https:\/\/www.madeforcomm.fr\/index.php\/wp-json\/wp\/v2\/pages"}],"about":[{"href":"https:\/\/www.madeforcomm.fr\/index.php\/wp-json\/wp\/v2\/types\/page"}],"author":[{"embeddable":true,"href":"https:\/\/www.madeforcomm.fr\/index.php\/wp-json\/wp\/v2\/users\/2"}],"replies":[{"embeddable":true,"href":"https:\/\/www.madeforcomm.fr\/index.php\/wp-json\/wp\/v2\/comments?post=1648"}],"version-history":[{"count":23,"href":"https:\/\/www.madeforcomm.fr\/index.php\/wp-json\/wp\/v2\/pages\/1648\/revisions"}],"predecessor-version":[{"id":1748,"href":"https:\/\/www.madeforcomm.fr\/index.php\/wp-json\/wp\/v2\/pages\/1648\/revisions\/1748"}],"wp:attachment":[{"href":"https:\/\/www.madeforcomm.fr\/index.php\/wp-json\/wp\/v2\/media?parent=1648"}],"curies":[{"name":"wp","href":"https:\/\/api.w.org\/{rel}","templated":true}]}}